{"id":24294,"date":"2022-05-23T11:32:38","date_gmt":"2022-05-23T09:32:38","guid":{"rendered":"https:\/\/www.leutenegger.com\/?page_id=24294"},"modified":"2026-02-01T10:25:36","modified_gmt":"2026-02-01T09:25:36","slug":"ansprechpersonen-backtechnik","status":"publish","type":"page","link":"https:\/\/www.leutenegger.com\/en\/backen\/ansprechpersonen-backtechnik\/","title":{"rendered":"Ansprechpersonen Backtechnik"},"content":{"rendered":"<div class=\"fusion-fullwidth fullwidth-box fusion-builder-row-1 fusion-flex-container nonhundred-percent-fullwidth non-hundred-percent-height-scrolling\" style=\"--link_hover_color: var(--awb-color5);--link_color: var(--awb-color5);--awb-border-sizes-top:0px;--awb-border-sizes-bottom:0px;--awb-border-sizes-left:0px;--awb-border-sizes-right:0px;--awb-border-color:var(--awb-color3);--awb-border-radius-top-left:0px;--awb-border-radius-top-right:0px;--awb-border-radius-bottom-right:0px;--awb-border-radius-bottom-left:0px;--awb-padding-top:60px;--awb-padding-right:30px;--awb-padding-bottom:100px;--awb-padding-left:30px;--awb-padding-top-medium:60px;--awb-padding-bottom-medium:60px;--awb-padding-top-small:50px;--awb-padding-bottom-small:50px;--awb-margin-top:0px;--awb-margin-bottom:0px;--awb-flex-wrap:wrap;\" ><div class=\"fusion-builder-row fusion-row fusion-flex-align-items-center fusion-flex-content-wrap\" style=\"max-width:1331.2px;margin-left: calc(-4% \/ 2 );margin-right: calc(-4% \/ 2 );\"><div class=\"fusion-layout-column fusion_builder_column fusion-builder-column-0 fusion_builder_column_1_1 1_1 fusion-flex-column fusion-flex-align-self-center fusion-animated\" style=\"--awb-bg-size:cover;--awb-width-large:100%;--awb-margin-top-large:0px;--awb-spacing-right-large:25px;--awb-margin-bottom-large:20px;--awb-spacing-left-large:1.92%;--awb-width-medium:100%;--awb-order-medium:0;--awb-spacing-right-medium:25px;--awb-margin-bottom-medium:60px;--awb-spacing-left-medium:1.92%;--awb-width-small:100%;--awb-order-small:1;--awb-spacing-right-small:1.92%;--awb-spacing-left-small:1.92%;\" data-animationtype=\"fadeInLeft\" data-animationduration=\"1.3\" data-animationoffset=\"top-into-view\"><div class=\"fusion-column-wrapper fusion-column-has-shadow fusion-flex-justify-content-flex-start fusion-content-layout-column\"><div class=\"fusion-title title fusion-title-1 fusion-title-text fusion-title-size-one\" style=\"--awb-text-color:var(--awb-custom_color_1);--awb-margin-top:10px;--awb-margin-bottom:30px;--awb-margin-bottom-small:10px;--awb-sep-color:var(--awb-color3);--awb-font-size:var(--awb-typography1-font-size);\"><div class=\"title-sep-container title-sep-container-left fusion-no-large-visibility fusion-no-medium-visibility fusion-no-small-visibility\"><div class=\"title-sep sep- sep-solid\" style=\"border-color:var(--awb-color3);\"><\/div><\/div><span class=\"awb-title-spacer fusion-no-large-visibility fusion-no-medium-visibility fusion-no-small-visibility\"><\/span><h1 class=\"fusion-title-heading title-heading-left fusion-responsive-typography-calculated\" style=\"font-family:var(--awb-typography1-font-family);font-weight:var(--awb-typography1-font-weight);font-style:var(--awb-typography1-font-style);margin:0;letter-spacing:var(--awb-typography1-letter-spacing);text-transform:var(--awb-typography1-text-transform);font-size:1em;--fontSize:48;line-height:var(--awb-typography1-line-height);\">Ansprechpersonen Backtechnik<\/h1><span class=\"awb-title-spacer\"><\/span><div class=\"title-sep-container title-sep-container-right\"><div class=\"title-sep sep- sep-solid\" style=\"border-color:var(--awb-color3);\"><\/div><\/div><\/div><div class=\"fusion-title title fusion-title-2 fusion-title-text fusion-title-size-three\" style=\"--awb-font-size:var(--awb-typography3-font-size);\"><div class=\"title-sep-container title-sep-container-left fusion-no-large-visibility fusion-no-medium-visibility fusion-no-small-visibility\"><div class=\"title-sep sep- sep-solid\" style=\"border-color:#e0dede;\"><\/div><\/div><span class=\"awb-title-spacer fusion-no-large-visibility fusion-no-medium-visibility fusion-no-small-visibility\"><\/span><h3 class=\"fusion-title-heading title-heading-left fusion-responsive-typography-calculated\" style=\"font-family:var(--awb-typography3-font-family);font-weight:var(--awb-typography3-font-weight);font-style:var(--awb-typography3-font-style);margin:0;letter-spacing:var(--awb-typography3-letter-spacing);text-transform:var(--awb-typography3-text-transform);font-size:1em;--fontSize:24;--minFontSize:24;line-height:var(--awb-typography3-line-height);\">Unsere langj\u00e4hrigen und erfahrenen Kundendienst-Mitarbeitenden sind gerne f\u00fcr Sie da.<\/h3><span class=\"awb-title-spacer\"><\/span><div class=\"title-sep-container title-sep-container-right\"><div class=\"title-sep sep- sep-solid\" style=\"border-color:#e0dede;\"><\/div><\/div><\/div><div class=\"fusion-text fusion-text-1 fusion-text-no-margin\" style=\"--awb-font-size:var(--awb-typography4-font-size);--awb-line-height:var(--awb-typography4-line-height);--awb-letter-spacing:var(--awb-typography4-letter-spacing);--awb-text-transform:var(--awb-typography4-text-transform);--awb-text-color:var(--awb-custom_color_2);--awb-text-font-family:var(--awb-typography4-font-family);--awb-text-font-weight:var(--awb-typography4-font-weight);--awb-text-font-style:var(--awb-typography4-font-style);\"><p>Ganz egal, ob Sie Ihre Backstube neu einrichten oder einen bestehenden Raum umgestalten m\u00f6chten: Gemeinsam mit Ihnen suchen wir die beste L\u00f6sung, um vorhandene Verh\u00e4ltnisse optimal zu nutzen und Arbeitsabl\u00e4ufe zu vereinfachen.<\/p>\n<\/div><\/div><\/div><div class=\"fusion-layout-column fusion_builder_column fusion-builder-column-1 fusion_builder_column_1_1 1_1 fusion-flex-column\" style=\"--awb-padding-top:3px;--awb-bg-size:cover;--awb-width-large:100%;--awb-margin-top-large:15px;--awb-spacing-right-large:0%;--awb-margin-bottom-large:15px;--awb-spacing-left-large:1.92%;--awb-width-medium:100%;--awb-order-medium:0;--awb-spacing-right-medium:1.92%;--awb-spacing-left-medium:1.92%;--awb-width-small:100%;--awb-order-small:1;--awb-spacing-right-small:1.92%;--awb-spacing-left-small:1.92%;\"><div class=\"fusion-column-wrapper fusion-column-has-shadow fusion-flex-justify-content-flex-start fusion-content-layout-column\">    <div class=\"persons\">\n      <a class=\"mobile-filter-toggle\" href=\"#\" style=\"display:none;\">Nach Abteilung filtern <i class=\"fas fa-filter\"><\/i><\/a>\n            <div class=\"filter personfilter-buttons\" style=\"display:none;\">\n        <div class=\"filter_button category mix-buttons\">\n                    <button data-hash=\"all\" type=\"button\"\n             class=\"option fusion-button button-small button-flat button-custom button-5 button-default\" data-filter=\"all\">\n            all\n          <\/button>\n                                                            <button  data-hash=\"#baeckerei\" type=\"button\" class=\"option button-small fusion-button button-flat button-custom button-5 button-default\" data-filter=\".baeckerei\">\n                Consulting and sales of baking technology              <\/button>\n                                                                                                                                <\/div>\n      <\/div>\n\n      <div class=\"persons_inner mix-container\">\n                                                                                                                                                                                                                                                                                              <div  class=\"person mix baeckerei\">\n                                    <div class=\"person-item-contactperson-image\">\n\t\t \t\t               <img class=\"lazyload\" decoding=\"async\" src=\"data:image\/gif;base64,R0lGODlhAQABAAAAACH5BAEKAAEALAAAAAABAAEAAAICTAEAOw==\" data-orig-src=\"\">\n\t\t \t            <\/div>\n\t\t \t            <div class=\"person-item-contactperson-infos\">\n\t\t                <div class=\"person-item-contactperson-name\">Hermann Flammer<\/div>\n                                          <p>\n                                                Sales consultant for baking technology                      <\/p>\n                    \t\t                <div class=\"person-phone-mail\">\n                                              <a href=\"tel:+41 71 388 84 21\">+41 71 388 84 21<\/a>\n                                            <br>\n                                              <a href=\"mailto:hermann.flammer@leutenegger.com\">hermann.flammer@leutenegger.com<\/a>\n                                          <\/div>\n\t\t\t\t\t\t\t\t  <\/div>\n                <\/div>\n                                              <div  class=\"person mix baeckerei\">\n                                    <div class=\"person-item-contactperson-image\">\n\t\t \t\t               <img class=\"lazyload\" decoding=\"async\" src=\"data:image\/gif;base64,R0lGODlhAQABAAAAACH5BAEKAAEALAAAAAABAAEAAAICTAEAOw==\" data-orig-src=\"\">\n\t\t \t            <\/div>\n\t\t \t            <div class=\"person-item-contactperson-infos\">\n\t\t                <div class=\"person-item-contactperson-name\">Jens Schawaller<\/div>\n                                          <p>\n                                                Sales consultant for baking technology                      <\/p>\n                    \t\t                <div class=\"person-phone-mail\">\n                                              <a href=\"tel:+41 79 618 31 36\">+41 79 618 31 36 <\/a>\n                                            <br>\n                                              <a href=\"mailto:jens.schawaller@leutenegger.com\">jens.schawaller@leutenegger.com<\/a>\n                                          <\/div>\n\t\t\t\t\t\t\t\t  <\/div>\n                <\/div>\n                                                                                                                                                        <\/div>\n    <\/div>\n  <\/div><\/div><\/div><\/div>","protected":false},"excerpt":{"rendered":"","protected":false},"author":1,"featured_media":0,"parent":23947,"menu_order":11,"comment_status":"closed","ping_status":"closed","template":"100-width.php","meta":{"footnotes":""},"class_list":["post-24294","page","type-page","status-publish","hentry"],"acf":[],"yoast_head":"<!-- This site is optimized with the Yoast SEO plugin v26.7 - https:\/\/yoast.com\/wordpress\/plugins\/seo\/ -->\n<title>Ansprechpersonen Backtechnik &#8211; Leutenegger + Frei AG<\/title>\n<meta name=\"robots\" content=\"index, follow, max-snippet:-1, max-image-preview:large, max-video-preview:-1\" \/>\n<link rel=\"canonical\" href=\"https:\/\/www.leutenegger.com\/en\/backen\/ansprechpersonen-backtechnik\/\" \/>\n<meta property=\"og:locale\" content=\"en_US\" \/>\n<meta property=\"og:type\" content=\"article\" \/>\n<meta property=\"og:title\" content=\"Ansprechpersonen Backtechnik &#8211; Leutenegger + Frei AG\" \/>\n<meta property=\"og:url\" content=\"https:\/\/www.leutenegger.com\/en\/backen\/ansprechpersonen-backtechnik\/\" \/>\n<meta property=\"og:site_name\" content=\"Leutenegger + Frei AG\" \/>\n<meta property=\"article:modified_time\" content=\"2026-02-01T09:25:36+00:00\" \/>\n<meta property=\"og:image\" content=\"https:\/\/www.leutenegger.com\/wp-content\/uploads\/2022\/12\/LF-64-1600x1200-1.jpg\" \/>\n\t<meta property=\"og:image:width\" content=\"1600\" \/>\n\t<meta property=\"og:image:height\" content=\"1064\" \/>\n\t<meta property=\"og:image:type\" content=\"image\/jpeg\" \/>\n<meta name=\"twitter:card\" content=\"summary_large_image\" \/>\n<meta name=\"twitter:label1\" content=\"Est. reading time\" \/>\n\t<meta name=\"twitter:data1\" content=\"1 minute\" \/>\n<script type=\"application\/ld+json\" class=\"yoast-schema-graph\">{\"@context\":\"https:\/\/schema.org\",\"@graph\":[{\"@type\":\"WebPage\",\"@id\":\"https:\/\/www.leutenegger.com\/backen\/ansprechpersonen-backtechnik\/\",\"url\":\"https:\/\/www.leutenegger.com\/backen\/ansprechpersonen-backtechnik\/\",\"name\":\"Ansprechpersonen Backtechnik &#8211; Leutenegger + Frei AG\",\"isPartOf\":{\"@id\":\"https:\/\/www.leutenegger.com\/#website\"},\"datePublished\":\"2022-05-23T09:32:38+00:00\",\"dateModified\":\"2026-02-01T09:25:36+00:00\",\"breadcrumb\":{\"@id\":\"https:\/\/www.leutenegger.com\/backen\/ansprechpersonen-backtechnik\/#breadcrumb\"},\"inLanguage\":\"en-US\",\"potentialAction\":[{\"@type\":\"ReadAction\",\"target\":[\"https:\/\/www.leutenegger.com\/backen\/ansprechpersonen-backtechnik\/\"]}]},{\"@type\":\"BreadcrumbList\",\"@id\":\"https:\/\/www.leutenegger.com\/backen\/ansprechpersonen-backtechnik\/#breadcrumb\",\"itemListElement\":[{\"@type\":\"ListItem\",\"position\":1,\"name\":\"Home\",\"item\":\"https:\/\/www.leutenegger.com\/\"},{\"@type\":\"ListItem\",\"position\":2,\"name\":\"Backtechnik\",\"item\":\"https:\/\/www.leutenegger.com\/backen\/\"},{\"@type\":\"ListItem\",\"position\":3,\"name\":\"Ansprechpersonen Backtechnik\"}]},{\"@type\":\"WebSite\",\"@id\":\"https:\/\/www.leutenegger.com\/#website\",\"url\":\"https:\/\/www.leutenegger.com\/\",\"name\":\"Leutenegger + Frei AG\",\"description\":\"Pulverbeschichtungsanlagen und Lackieranlagen \/ Backtechnik\",\"publisher\":{\"@id\":\"https:\/\/www.leutenegger.com\/#organization\"},\"potentialAction\":[{\"@type\":\"SearchAction\",\"target\":{\"@type\":\"EntryPoint\",\"urlTemplate\":\"https:\/\/www.leutenegger.com\/?s={search_term_string}\"},\"query-input\":{\"@type\":\"PropertyValueSpecification\",\"valueRequired\":true,\"valueName\":\"search_term_string\"}}],\"inLanguage\":\"en-US\"},{\"@type\":\"Organization\",\"@id\":\"https:\/\/www.leutenegger.com\/#organization\",\"name\":\"Leutenegger + Frei AG\",\"url\":\"https:\/\/www.leutenegger.com\/\",\"logo\":{\"@type\":\"ImageObject\",\"inLanguage\":\"en-US\",\"@id\":\"https:\/\/www.leutenegger.com\/#\/schema\/logo\/image\/\",\"url\":\"https:\/\/www.leutenegger.com\/wp-content\/uploads\/2022\/04\/LF_Logo_500px.png\",\"contentUrl\":\"https:\/\/www.leutenegger.com\/wp-content\/uploads\/2022\/04\/LF_Logo_500px.png\",\"width\":500,\"height\":123,\"caption\":\"Leutenegger + Frei AG\"},\"image\":{\"@id\":\"https:\/\/www.leutenegger.com\/#\/schema\/logo\/image\/\"}}]}<\/script>\n<!-- \/ Yoast SEO plugin. -->","yoast_head_json":{"title":"Ansprechpersonen Backtechnik &#8211; Leutenegger + Frei AG","robots":{"index":"index","follow":"follow","max-snippet":"max-snippet:-1","max-image-preview":"max-image-preview:large","max-video-preview":"max-video-preview:-1"},"canonical":"https:\/\/www.leutenegger.com\/en\/backen\/ansprechpersonen-backtechnik\/","og_locale":"en_US","og_type":"article","og_title":"Ansprechpersonen Backtechnik &#8211; Leutenegger + Frei AG","og_url":"https:\/\/www.leutenegger.com\/en\/backen\/ansprechpersonen-backtechnik\/","og_site_name":"Leutenegger + Frei AG","article_modified_time":"2026-02-01T09:25:36+00:00","og_image":[{"width":1600,"height":1064,"url":"https:\/\/www.leutenegger.com\/wp-content\/uploads\/2022\/12\/LF-64-1600x1200-1.jpg","type":"image\/jpeg"}],"twitter_card":"summary_large_image","twitter_misc":{"Est. reading time":"1 minute"},"schema":{"@context":"https:\/\/schema.org","@graph":[{"@type":"WebPage","@id":"https:\/\/www.leutenegger.com\/backen\/ansprechpersonen-backtechnik\/","url":"https:\/\/www.leutenegger.com\/backen\/ansprechpersonen-backtechnik\/","name":"Ansprechpersonen Backtechnik &#8211; Leutenegger + Frei AG","isPartOf":{"@id":"https:\/\/www.leutenegger.com\/#website"},"datePublished":"2022-05-23T09:32:38+00:00","dateModified":"2026-02-01T09:25:36+00:00","breadcrumb":{"@id":"https:\/\/www.leutenegger.com\/backen\/ansprechpersonen-backtechnik\/#breadcrumb"},"inLanguage":"en-US","potentialAction":[{"@type":"ReadAction","target":["https:\/\/www.leutenegger.com\/backen\/ansprechpersonen-backtechnik\/"]}]},{"@type":"BreadcrumbList","@id":"https:\/\/www.leutenegger.com\/backen\/ansprechpersonen-backtechnik\/#breadcrumb","itemListElement":[{"@type":"ListItem","position":1,"name":"Home","item":"https:\/\/www.leutenegger.com\/"},{"@type":"ListItem","position":2,"name":"Backtechnik","item":"https:\/\/www.leutenegger.com\/backen\/"},{"@type":"ListItem","position":3,"name":"Ansprechpersonen Backtechnik"}]},{"@type":"WebSite","@id":"https:\/\/www.leutenegger.com\/#website","url":"https:\/\/www.leutenegger.com\/","name":"Leutenegger + Frei AG","description":"Pulverbeschichtungsanlagen und Lackieranlagen \/ Backtechnik","publisher":{"@id":"https:\/\/www.leutenegger.com\/#organization"},"potentialAction":[{"@type":"SearchAction","target":{"@type":"EntryPoint","urlTemplate":"https:\/\/www.leutenegger.com\/?s={search_term_string}"},"query-input":{"@type":"PropertyValueSpecification","valueRequired":true,"valueName":"search_term_string"}}],"inLanguage":"en-US"},{"@type":"Organization","@id":"https:\/\/www.leutenegger.com\/#organization","name":"Leutenegger + Frei AG","url":"https:\/\/www.leutenegger.com\/","logo":{"@type":"ImageObject","inLanguage":"en-US","@id":"https:\/\/www.leutenegger.com\/#\/schema\/logo\/image\/","url":"https:\/\/www.leutenegger.com\/wp-content\/uploads\/2022\/04\/LF_Logo_500px.png","contentUrl":"https:\/\/www.leutenegger.com\/wp-content\/uploads\/2022\/04\/LF_Logo_500px.png","width":500,"height":123,"caption":"Leutenegger + Frei AG"},"image":{"@id":"https:\/\/www.leutenegger.com\/#\/schema\/logo\/image\/"}}]}},"_links":{"self":[{"href":"https:\/\/www.leutenegger.com\/en\/wp-json\/wp\/v2\/pages\/24294","targetHints":{"allow":["GET"]}}],"collection":[{"href":"https:\/\/www.leutenegger.com\/en\/wp-json\/wp\/v2\/pages"}],"about":[{"href":"https:\/\/www.leutenegger.com\/en\/wp-json\/wp\/v2\/types\/page"}],"author":[{"embeddable":true,"href":"https:\/\/www.leutenegger.com\/en\/wp-json\/wp\/v2\/users\/1"}],"replies":[{"embeddable":true,"href":"https:\/\/www.leutenegger.com\/en\/wp-json\/wp\/v2\/comments?post=24294"}],"version-history":[{"count":19,"href":"https:\/\/www.leutenegger.com\/en\/wp-json\/wp\/v2\/pages\/24294\/revisions"}],"predecessor-version":[{"id":30115,"href":"https:\/\/www.leutenegger.com\/en\/wp-json\/wp\/v2\/pages\/24294\/revisions\/30115"}],"up":[{"embeddable":true,"href":"https:\/\/www.leutenegger.com\/en\/wp-json\/wp\/v2\/pages\/23947"}],"wp:attachment":[{"href":"https:\/\/www.leutenegger.com\/en\/wp-json\/wp\/v2\/media?parent=24294"}],"curies":[{"name":"wp","href":"https:\/\/api.w.org\/{rel}","templated":true}]}}